{"id":473,"date":"2022-11-29T14:14:35","date_gmt":"2022-11-29T14:14:35","guid":{"rendered":"http:\/\/baeckereiallaf.de\/?page_id=473"},"modified":"2022-11-29T14:20:16","modified_gmt":"2022-11-29T14:20:16","slug":"cookies","status":"publish","type":"page","link":"https:\/\/baeckereiallaf.de\/home\/cookies\/","title":{"rendered":"Cookies"},"content":{"rendered":"\t\t<div data-elementor-type=\"wp-page\" data-elementor-id=\"473\" class=\"elementor elementor-473\">\n\t\t\t\t\t\t\t\t\t<section class=\"elementor-section elementor-top-section elementor-element elementor-element-e8845e5 elementor-section-boxed elementor-section-height-default elementor-section-height-default\" data-id=\"e8845e5\" data-element_type=\"section\">\n\t\t\t\t\t\t<div class=\"elementor-container elementor-column-gap-default\">\n\t\t\t\t\t<div class=\"elementor-column elementor-col-100 elementor-top-column elementor-element elementor-element-0cf4b50\" data-id=\"0cf4b50\" data-element_type=\"column\">\n\t\t\t<div class=\"elementor-widget-wrap\">\n\t\t\t\t\t\t\t\t\t<\/div>\n\t\t<\/div>\n\t\t\t\t\t\t\t<\/div>\n\t\t<\/section>\n\t\t\t\t<section class=\"elementor-section elementor-top-section elementor-element elementor-element-92a454b elementor-section-boxed elementor-section-height-default elementor-section-height-default\" data-id=\"92a454b\" data-element_type=\"section\">\n\t\t\t\t\t\t<div class=\"elementor-container elementor-column-gap-default\">\n\t\t\t\t\t<div class=\"elementor-column elementor-col-100 elementor-top-column elementor-element elementor-element-0ee8997\" data-id=\"0ee8997\" data-element_type=\"column\">\n\t\t\t<div class=\"elementor-widget-wrap elementor-element-populated\">\n\t\t\t\t\t\t\t\t<div class=\"elementor-element elementor-element-4b98f36 elementor-widget elementor-widget-text-editor\" data-id=\"4b98f36\" data-element_type=\"widget\" data-widget_type=\"text-editor.default\">\n\t\t\t\t<div class=\"elementor-widget-container\">\n\t\t\t<style>\/*! elementor - v3.9.2 - 21-12-2022 *\/\n.elementor-widget-text-editor.elementor-drop-cap-view-stacked .elementor-drop-cap{background-color:#818a91;color:#fff}.elementor-widget-text-editor.elementor-drop-cap-view-framed .elementor-drop-cap{color:#818a91;border:3px solid;background-color:transparent}.elementor-widget-text-editor:not(.elementor-drop-cap-view-default) .elementor-drop-cap{margin-top:8px}.elementor-widget-text-editor:not(.elementor-drop-cap-view-default) .elementor-drop-cap-letter{width:1em;height:1em}.elementor-widget-text-editor .elementor-drop-cap{float:left;text-align:center;line-height:1;font-size:50px}.elementor-widget-text-editor .elementor-drop-cap-letter{display:inline-block}<\/style>\t\t\t\t<h1><strong>COOKIE-RICHTLINIE<\/strong><\/h1><h4><br \/>1. Was ist ein Cookie?<\/h4><p>Ein Cookie ist eine kleine Datei aus Buchstaben und Zahlen, die auf den Computer heruntergeladen wird, wenn Nutzer auf bestimmte Websites zugreifen. In der Regel erm\u00f6glichen es Cookies einer Website, den Computer eines Nutzers zu erkennen.<\/p><p>\u200b<\/p><p>Das Wichtigste, was man \u00fcber die von Wix platzierten Cookies wissen muss, ist, dass sie unsere Website etwas nutzerfreundlicher machen, z. B. durch die Speicherung von Website-Pr\u00e4ferenzen und Spracheinstellungen.<\/p><h4>2. Warum verwenden wir Cookies?<\/h4><p>Wir k\u00f6nnen Cookies und \u00e4hnliche Technologien f\u00fcr unterschiedliche Zwecke verwenden, beispielsweise: i) aus Sicherheitsgr\u00fcnden und zum Schutz vor Betrug sowie um Cyber-Angriffe zu erkennen und zu verhindern; ii) um ausgew\u00e4hlte Dienste zur Verf\u00fcgung stellen zu k\u00f6nnen; iii) um die Performance, den Betrieb und die Wirksamkeit unserer Dienste zu \u00fcberwachen und zu analysieren und iv) um das Nutzererlebnis zu verbessern.<\/p><h4>3. Cookie-\u00dcbersicht:<\/h4><p>Hier\u00a0ist eine \u00dcbersicht, welche Cookies auf Websites von Wix verwendet werden k\u00f6nnen.<\/p><h4>4. Optionen:<\/h4><p>Um mehr \u00fcber Cookies zu erfahren, u. a. wie man erkennt, welche Cookies gesetzt wurden und wie man sie verwaltet, l\u00f6scht und blockiert, empfehlen wir einen Besuch auf\u00a0www.aboutcookies.org\u00a0oder\u00a0www.allaboutcookies.org.<\/p><p>Alternativ ist es auch m\u00f6glich, dass der Browser Cookies grunds\u00e4tzlich blockiert. Dazu m\u00fcssen Nutzer die Cookie-Einstellungen im Browser entsprechend \u00e4ndern. Diese Einstellungen befinden sich normalerweise im Men\u00fc des Browsers unter \u201eOptionen\u201c oder \u201ePr\u00e4ferenzen\u201c.<\/p><p>Das L\u00f6schen unserer Cookies oder die Deaktivierung zuk\u00fcnftiger Cookies oder Tracking-Technologien kann zur Folge haben, dass bestimmte Bereiche oder Funktionen unserer Dienste nicht mehr zur Verf\u00fcgung stehen oder das Nutzererlebnis anderweitig beeintr\u00e4chtigt wird.<\/p><p>Die folgenden Links k\u00f6nnen n\u00fctzlich sein, oder alternativ die Option \u201eHilfe\u201c im Browser:<\/p><ul><li class=\"font_8\"><a href=\"https:\/\/support.mozilla.org\/de\/kb\/cookies-informationen-websites-auf-ihrem-computer#w_cookie-einstellungen\" target=\"_blank\" rel=\"noreferrer noopener\">Cookie-Einstellungen in Firefox<\/a><\/li><li class=\"font_8\"><a href=\"https:\/\/support.microsoft.com\/de-de\/windows\/l%C3%B6schen-und-verwalten-von-cookies-168dab11-0753-043d-7c16-ede5947fc64d\" target=\"_blank\" rel=\"noreferrer noopener\">Cookie-Einstellungen im Internet Explorer<\/a><\/li><li class=\"font_8\"><a href=\"https:\/\/support.google.com\/chrome\/answer\/95647?hl=DE&amp;co=GENIE.Platform%3DDesktop&amp;oco=1\" target=\"_blank\" rel=\"noreferrer noopener\">Cookie-Einstellungen in Google Chrome<\/a><\/li><li class=\"font_8\"><a href=\"https:\/\/support.apple.com\/de-de\/guide\/safari\/sfri11471\/mac\" target=\"_blank\" rel=\"noreferrer noopener\">Cookie-Einstellungen in Safari (OS X)<\/a><\/li><li class=\"font_8\"><a href=\"https:\/\/support.apple.com\/de-de\/HT201265\" target=\"_blank\" rel=\"noreferrer noopener\">Cookie-Einstellungen in Safari (iOS)<\/a><\/li><li class=\"font_8\"><a href=\"https:\/\/support.google.com\/chrome\/answer\/95647?hl=DE&amp;co=GENIE.Platform%3DAndroid&amp;oco=1\" target=\"_blank\" rel=\"noreferrer noopener\">Cookie-Einstellungen in Android<\/a><\/li><\/ul><p>Um die Verwendung eigener Daten durch Google Analytics auf allen Websites abzulehnen und zu verhindern, bestehen die folgenden Anweisungen:\u00a0https:\/\/tools.google.com\/dlpage\/gaoptout.<\/p><p>Wir k\u00f6nnen diese Cookie-Richtlinie aktualisieren. Wir bitten Nutzer, diese Seite regelm\u00e4\u00dfig aufzurufen, um sich \u00fcber den aktuellen Stand in Bezug auf die Verwendung von Cookies auf dem Laufenden zu halten.<\/p>\t\t\t\t\t\t<\/div>\n\t\t\t\t<\/div>\n\t\t\t\t\t<\/div>\n\t\t<\/div>\n\t\t\t\t\t\t\t<\/div>\n\t\t<\/section>\n\t\t\t\t\t\t\t<\/div>\n\t\t","protected":false},"excerpt":{"rendered":"<p>COOKIE-RICHTLINIE 1. Was ist ein Cookie? Ein Cookie ist eine kleine Datei aus Buchstaben und Zahlen, die auf den Computer heruntergeladen wird, wenn Nutzer auf bestimmte Websites zugreifen. In der Regel erm\u00f6glichen es Cookies einer Website, den Computer eines Nutzers zu erkennen. \u200b Das Wichtigste, was man \u00fcber die von Wix platzierten Cookies wissen muss, &hellip;<\/p>\n<p class=\"read-more\"> <a class=\"\" href=\"https:\/\/baeckereiallaf.de\/home\/cookies\/\"> <span class=\"screen-reader-text\">Cookies<\/span> Weiterlesen &raquo;<\/a><\/p>\n","protected":false},"author":1,"featured_media":0,"parent":0,"menu_order":0,"comment_status":"closed","ping_status":"closed","template":"","meta":{"site-sidebar-layout":"no-sidebar","site-content-layout":"page-builder","ast-global-header-display":"","ast-main-header-display":"","ast-hfb-above-header-display":"","ast-hfb-below-header-display":"","ast-hfb-mobile-header-display":"","site-post-title":"disabled","ast-breadcrumbs-content":"","ast-featured-img":"disabled","footer-sml-layout":"","theme-transparent-header-meta":"","adv-header-id-meta":"","stick-header-meta":"","header-above-stick-meta":"","header-main-stick-meta":"","header-below-stick-meta":""},"yoast_head":"<!-- This site is optimized with the Yoast SEO plugin v19.13 - https:\/\/yoast.com\/wordpress\/plugins\/seo\/ -->\n<title>Cookies - B\u00e4ckerei Allaf<\/title>\n<meta name=\"robots\" content=\"index, follow, max-snippet:-1, max-image-preview:large, max-video-preview:-1\" \/>\n<link rel=\"canonical\" href=\"https:\/\/baeckereiallaf.de\/home\/cookies\/\" \/>\n<meta property=\"og:locale\" content=\"de_DE\" \/>\n<meta property=\"og:type\" content=\"article\" \/>\n<meta property=\"og:title\" content=\"Cookies - B\u00e4ckerei Allaf\" \/>\n<meta property=\"og:description\" content=\"COOKIE-RICHTLINIE 1. Was ist ein Cookie? Ein Cookie ist eine kleine Datei aus Buchstaben und Zahlen, die auf den Computer heruntergeladen wird, wenn Nutzer auf bestimmte Websites zugreifen. In der Regel erm\u00f6glichen es Cookies einer Website, den Computer eines Nutzers zu erkennen. \u200b Das Wichtigste, was man \u00fcber die von Wix platzierten Cookies wissen muss, &hellip; Cookies Weiterlesen &raquo;\" \/>\n<meta property=\"og:url\" content=\"https:\/\/baeckereiallaf.de\/home\/cookies\/\" \/>\n<meta property=\"og:site_name\" content=\"B\u00e4ckerei Allaf\" \/>\n<meta property=\"article:modified_time\" content=\"2022-11-29T14:20:16+00:00\" \/>\n<meta name=\"twitter:card\" content=\"summary_large_image\" \/>\n<meta name=\"twitter:label1\" content=\"Gesch\u00e4tzte Lesezeit\" \/>\n\t<meta name=\"twitter:data1\" content=\"2 Minuten\" \/>\n<script type=\"application\/ld+json\" class=\"yoast-schema-graph\">{\"@context\":\"https:\/\/schema.org\",\"@graph\":[{\"@type\":\"WebPage\",\"@id\":\"https:\/\/baeckereiallaf.de\/home\/cookies\/\",\"url\":\"https:\/\/baeckereiallaf.de\/home\/cookies\/\",\"name\":\"Cookies - B\u00e4ckerei Allaf\",\"isPartOf\":{\"@id\":\"https:\/\/baeckereiallaf.de\/home\/#website\"},\"datePublished\":\"2022-11-29T14:14:35+00:00\",\"dateModified\":\"2022-11-29T14:20:16+00:00\",\"breadcrumb\":{\"@id\":\"https:\/\/baeckereiallaf.de\/home\/cookies\/#breadcrumb\"},\"inLanguage\":\"de-DE\",\"potentialAction\":[{\"@type\":\"ReadAction\",\"target\":[\"https:\/\/baeckereiallaf.de\/home\/cookies\/\"]}]},{\"@type\":\"BreadcrumbList\",\"@id\":\"https:\/\/baeckereiallaf.de\/home\/cookies\/#breadcrumb\",\"itemListElement\":[{\"@type\":\"ListItem\",\"position\":1,\"name\":\"Startseite\",\"item\":\"https:\/\/baeckereiallaf.de\/home\/\"},{\"@type\":\"ListItem\",\"position\":2,\"name\":\"Cookies\"}]},{\"@type\":\"WebSite\",\"@id\":\"https:\/\/baeckereiallaf.de\/home\/#website\",\"url\":\"https:\/\/baeckereiallaf.de\/home\/\",\"name\":\"B\u00e4ckerei Allaf\",\"description\":\"Eine Welt voller Backwaren\",\"publisher\":{\"@id\":\"https:\/\/baeckereiallaf.de\/home\/#organization\"},\"potentialAction\":[{\"@type\":\"SearchAction\",\"target\":{\"@type\":\"EntryPoint\",\"urlTemplate\":\"https:\/\/baeckereiallaf.de\/home\/?s={search_term_string}\"},\"query-input\":\"required name=search_term_string\"}],\"inLanguage\":\"de-DE\"},{\"@type\":\"Organization\",\"@id\":\"https:\/\/baeckereiallaf.de\/home\/#organization\",\"name\":\"B\u00e4ckerei Allaf\",\"url\":\"https:\/\/baeckereiallaf.de\/home\/\",\"logo\":{\"@type\":\"ImageObject\",\"inLanguage\":\"de-DE\",\"@id\":\"https:\/\/baeckereiallaf.de\/home\/#\/schema\/logo\/image\/\",\"url\":\"https:\/\/baeckereiallaf.de\/wp-content\/uploads\/2022\/12\/cropped-Icon_Zeichenflaeche-1.jpg\",\"contentUrl\":\"https:\/\/baeckereiallaf.de\/wp-content\/uploads\/2022\/12\/cropped-Icon_Zeichenflaeche-1.jpg\",\"width\":512,\"height\":512,\"caption\":\"B\u00e4ckerei Allaf\"},\"image\":{\"@id\":\"https:\/\/baeckereiallaf.de\/home\/#\/schema\/logo\/image\/\"}}]}<\/script>\n<!-- \/ Yoast SEO plugin. -->","yoast_head_json":{"title":"Cookies - B\u00e4ckerei Allaf","robots":{"index":"index","follow":"follow","max-snippet":"max-snippet:-1","max-image-preview":"max-image-preview:large","max-video-preview":"max-video-preview:-1"},"canonical":"https:\/\/baeckereiallaf.de\/home\/cookies\/","og_locale":"de_DE","og_type":"article","og_title":"Cookies - B\u00e4ckerei Allaf","og_description":"COOKIE-RICHTLINIE 1. Was ist ein Cookie? Ein Cookie ist eine kleine Datei aus Buchstaben und Zahlen, die auf den Computer heruntergeladen wird, wenn Nutzer auf bestimmte Websites zugreifen. In der Regel erm\u00f6glichen es Cookies einer Website, den Computer eines Nutzers zu erkennen. \u200b Das Wichtigste, was man \u00fcber die von Wix platzierten Cookies wissen muss, &hellip; Cookies Weiterlesen &raquo;","og_url":"https:\/\/baeckereiallaf.de\/home\/cookies\/","og_site_name":"B\u00e4ckerei Allaf","article_modified_time":"2022-11-29T14:20:16+00:00","twitter_card":"summary_large_image","twitter_misc":{"Gesch\u00e4tzte Lesezeit":"2 Minuten"},"schema":{"@context":"https:\/\/schema.org","@graph":[{"@type":"WebPage","@id":"https:\/\/baeckereiallaf.de\/home\/cookies\/","url":"https:\/\/baeckereiallaf.de\/home\/cookies\/","name":"Cookies - B\u00e4ckerei Allaf","isPartOf":{"@id":"https:\/\/baeckereiallaf.de\/home\/#website"},"datePublished":"2022-11-29T14:14:35+00:00","dateModified":"2022-11-29T14:20:16+00:00","breadcrumb":{"@id":"https:\/\/baeckereiallaf.de\/home\/cookies\/#breadcrumb"},"inLanguage":"de-DE","potentialAction":[{"@type":"ReadAction","target":["https:\/\/baeckereiallaf.de\/home\/cookies\/"]}]},{"@type":"BreadcrumbList","@id":"https:\/\/baeckereiallaf.de\/home\/cookies\/#breadcrumb","itemListElement":[{"@type":"ListItem","position":1,"name":"Startseite","item":"https:\/\/baeckereiallaf.de\/home\/"},{"@type":"ListItem","position":2,"name":"Cookies"}]},{"@type":"WebSite","@id":"https:\/\/baeckereiallaf.de\/home\/#website","url":"https:\/\/baeckereiallaf.de\/home\/","name":"B\u00e4ckerei Allaf","description":"Eine Welt voller Backwaren","publisher":{"@id":"https:\/\/baeckereiallaf.de\/home\/#organization"},"potentialAction":[{"@type":"SearchAction","target":{"@type":"EntryPoint","urlTemplate":"https:\/\/baeckereiallaf.de\/home\/?s={search_term_string}"},"query-input":"required name=search_term_string"}],"inLanguage":"de-DE"},{"@type":"Organization","@id":"https:\/\/baeckereiallaf.de\/home\/#organization","name":"B\u00e4ckerei Allaf","url":"https:\/\/baeckereiallaf.de\/home\/","logo":{"@type":"ImageObject","inLanguage":"de-DE","@id":"https:\/\/baeckereiallaf.de\/home\/#\/schema\/logo\/image\/","url":"https:\/\/baeckereiallaf.de\/wp-content\/uploads\/2022\/12\/cropped-Icon_Zeichenflaeche-1.jpg","contentUrl":"https:\/\/baeckereiallaf.de\/wp-content\/uploads\/2022\/12\/cropped-Icon_Zeichenflaeche-1.jpg","width":512,"height":512,"caption":"B\u00e4ckerei Allaf"},"image":{"@id":"https:\/\/baeckereiallaf.de\/home\/#\/schema\/logo\/image\/"}}]}},"_links":{"self":[{"href":"https:\/\/baeckereiallaf.de\/home\/wp-json\/wp\/v2\/pages\/473"}],"collection":[{"href":"https:\/\/baeckereiallaf.de\/home\/wp-json\/wp\/v2\/pages"}],"about":[{"href":"https:\/\/baeckereiallaf.de\/home\/wp-json\/wp\/v2\/types\/page"}],"author":[{"embeddable":true,"href":"https:\/\/baeckereiallaf.de\/home\/wp-json\/wp\/v2\/users\/1"}],"replies":[{"embeddable":true,"href":"https:\/\/baeckereiallaf.de\/home\/wp-json\/wp\/v2\/comments?post=473"}],"version-history":[{"count":4,"href":"https:\/\/baeckereiallaf.de\/home\/wp-json\/wp\/v2\/pages\/473\/revisions"}],"predecessor-version":[{"id":479,"href":"https:\/\/baeckereiallaf.de\/home\/wp-json\/wp\/v2\/pages\/473\/revisions\/479"}],"wp:attachment":[{"href":"https:\/\/baeckereiallaf.de\/home\/wp-json\/wp\/v2\/media?parent=473"}],"curies":[{"name":"wp","href":"https:\/\/api.w.org\/{rel}","templated":true}]}}